{"id":4131,"date":"2022-02-04T07:58:01","date_gmt":"2022-02-04T04:58:01","guid":{"rendered":"https:\/\/kiudbetoon.ee\/taname-paringu-eest\/"},"modified":"2022-04-20T12:24:28","modified_gmt":"2022-04-20T09:24:28","slug":"tack-for-din-forfragan","status":"publish","type":"page","link":"https:\/\/kiudbetoon.ee\/sv\/tack-for-din-forfragan\/","title":{"rendered":"Tack f\u00f6r din f\u00f6rfr\u00e5gan"},"content":{"rendered":"<p>Tack f\u00f6r din f\u00f6rfr\u00e5gan Vi kommer att svara s\u00e5 snart som m\u00f6jligt. <\/p>\n","protected":false},"excerpt":{"rendered":"<p>Tack f\u00f6r din f\u00f6rfr\u00e5gan Vi kommer att svara s\u00e5 snart som m\u00f6jligt.<\/p>\n","protected":false},"author":2,"featured_media":0,"parent":0,"menu_order":0,"comment_status":"closed","ping_status":"closed","template":"","meta":{"footnotes":""},"class_list":["post-4131","page","type-page","status-publish","hentry"],"yoast_head":"<!-- This site is optimized with the Yoast SEO plugin v27.3 - https:\/\/yoast.com\/product\/yoast-seo-wordpress\/ -->\n<title>Tack f\u00f6r din f\u00f6rfr\u00e5gan - Kiudbetoon - betoonlahendused<\/title>\n<meta name=\"robots\" content=\"index, follow, max-snippet:-1, max-image-preview:large, max-video-preview:-1\" \/>\n<link rel=\"canonical\" href=\"https:\/\/kiudbetoon.ee\/sv\/tack-for-din-forfragan\/\" \/>\n<meta property=\"og:locale\" content=\"sv_SE\" \/>\n<meta property=\"og:type\" content=\"article\" \/>\n<meta property=\"og:title\" content=\"Tack f\u00f6r din f\u00f6rfr\u00e5gan - Kiudbetoon - betoonlahendused\" \/>\n<meta property=\"og:description\" content=\"Tack f\u00f6r din f\u00f6rfr\u00e5gan Vi kommer att svara s\u00e5 snart som m\u00f6jligt.\" \/>\n<meta property=\"og:url\" content=\"https:\/\/kiudbetoon.ee\/sv\/tack-for-din-forfragan\/\" \/>\n<meta property=\"og:site_name\" content=\"Kiudbetoon - betoonlahendused\" \/>\n<meta property=\"article:modified_time\" content=\"2022-04-20T09:24:28+00:00\" \/>\n<meta name=\"twitter:card\" content=\"summary_large_image\" \/>\n<script type=\"application\/ld+json\" class=\"yoast-schema-graph\">{\"@context\":\"https:\\\/\\\/schema.org\",\"@graph\":[{\"@type\":\"WebPage\",\"@id\":\"https:\\\/\\\/kiudbetoon.ee\\\/sv\\\/tack-for-din-forfragan\\\/\",\"url\":\"https:\\\/\\\/kiudbetoon.ee\\\/sv\\\/tack-for-din-forfragan\\\/\",\"name\":\"Tack f\u00f6r din f\u00f6rfr\u00e5gan - Kiudbetoon - betoonlahendused\",\"isPartOf\":{\"@id\":\"https:\\\/\\\/kiudbetoon.ee\\\/sv\\\/#website\"},\"datePublished\":\"2022-02-04T04:58:01+00:00\",\"dateModified\":\"2022-04-20T09:24:28+00:00\",\"breadcrumb\":{\"@id\":\"https:\\\/\\\/kiudbetoon.ee\\\/sv\\\/tack-for-din-forfragan\\\/#breadcrumb\"},\"inLanguage\":\"sv-SE\",\"potentialAction\":[{\"@type\":\"ReadAction\",\"target\":[\"https:\\\/\\\/kiudbetoon.ee\\\/sv\\\/tack-for-din-forfragan\\\/\"]}]},{\"@type\":\"BreadcrumbList\",\"@id\":\"https:\\\/\\\/kiudbetoon.ee\\\/sv\\\/tack-for-din-forfragan\\\/#breadcrumb\",\"itemListElement\":[{\"@type\":\"ListItem\",\"position\":1,\"name\":\"Home\",\"item\":\"https:\\\/\\\/kiudbetoon.ee\\\/sv\\\/\"},{\"@type\":\"ListItem\",\"position\":2,\"name\":\"Tack f\u00f6r din f\u00f6rfr\u00e5gan\"}]},{\"@type\":\"WebSite\",\"@id\":\"https:\\\/\\\/kiudbetoon.ee\\\/sv\\\/#website\",\"url\":\"https:\\\/\\\/kiudbetoon.ee\\\/sv\\\/\",\"name\":\"Kiudbetoon - betoonlahendused\",\"description\":\"Kiudbetoon p&otilde;randatele, vundamendile, seintele ja vahelagedele\",\"potentialAction\":[{\"@type\":\"SearchAction\",\"target\":{\"@type\":\"EntryPoint\",\"urlTemplate\":\"https:\\\/\\\/kiudbetoon.ee\\\/sv\\\/?s={search_term_string}\"},\"query-input\":{\"@type\":\"PropertyValueSpecification\",\"valueRequired\":true,\"valueName\":\"search_term_string\"}}],\"inLanguage\":\"sv-SE\"}]}<\/script>\n<!-- \/ Yoast SEO plugin. -->","yoast_head_json":{"title":"Tack f\u00f6r din f\u00f6rfr\u00e5gan - Kiudbetoon - betoonlahendused","robots":{"index":"index","follow":"follow","max-snippet":"max-snippet:-1","max-image-preview":"max-image-preview:large","max-video-preview":"max-video-preview:-1"},"canonical":"https:\/\/kiudbetoon.ee\/sv\/tack-for-din-forfragan\/","og_locale":"sv_SE","og_type":"article","og_title":"Tack f\u00f6r din f\u00f6rfr\u00e5gan - Kiudbetoon - betoonlahendused","og_description":"Tack f\u00f6r din f\u00f6rfr\u00e5gan Vi kommer att svara s\u00e5 snart som m\u00f6jligt.","og_url":"https:\/\/kiudbetoon.ee\/sv\/tack-for-din-forfragan\/","og_site_name":"Kiudbetoon - betoonlahendused","article_modified_time":"2022-04-20T09:24:28+00:00","twitter_card":"summary_large_image","schema":{"@context":"https:\/\/schema.org","@graph":[{"@type":"WebPage","@id":"https:\/\/kiudbetoon.ee\/sv\/tack-for-din-forfragan\/","url":"https:\/\/kiudbetoon.ee\/sv\/tack-for-din-forfragan\/","name":"Tack f\u00f6r din f\u00f6rfr\u00e5gan - Kiudbetoon - betoonlahendused","isPartOf":{"@id":"https:\/\/kiudbetoon.ee\/sv\/#website"},"datePublished":"2022-02-04T04:58:01+00:00","dateModified":"2022-04-20T09:24:28+00:00","breadcrumb":{"@id":"https:\/\/kiudbetoon.ee\/sv\/tack-for-din-forfragan\/#breadcrumb"},"inLanguage":"sv-SE","potentialAction":[{"@type":"ReadAction","target":["https:\/\/kiudbetoon.ee\/sv\/tack-for-din-forfragan\/"]}]},{"@type":"BreadcrumbList","@id":"https:\/\/kiudbetoon.ee\/sv\/tack-for-din-forfragan\/#breadcrumb","itemListElement":[{"@type":"ListItem","position":1,"name":"Home","item":"https:\/\/kiudbetoon.ee\/sv\/"},{"@type":"ListItem","position":2,"name":"Tack f\u00f6r din f\u00f6rfr\u00e5gan"}]},{"@type":"WebSite","@id":"https:\/\/kiudbetoon.ee\/sv\/#website","url":"https:\/\/kiudbetoon.ee\/sv\/","name":"Kiudbetoon - betoonlahendused","description":"Kiudbetoon p&otilde;randatele, vundamendile, seintele ja vahelagedele","potentialAction":[{"@type":"SearchAction","target":{"@type":"EntryPoint","urlTemplate":"https:\/\/kiudbetoon.ee\/sv\/?s={search_term_string}"},"query-input":{"@type":"PropertyValueSpecification","valueRequired":true,"valueName":"search_term_string"}}],"inLanguage":"sv-SE"}]}},"_links":{"self":[{"href":"https:\/\/kiudbetoon.ee\/sv\/wp-json\/wp\/v2\/pages\/4131","targetHints":{"allow":["GET"]}}],"collection":[{"href":"https:\/\/kiudbetoon.ee\/sv\/wp-json\/wp\/v2\/pages"}],"about":[{"href":"https:\/\/kiudbetoon.ee\/sv\/wp-json\/wp\/v2\/types\/page"}],"author":[{"embeddable":true,"href":"https:\/\/kiudbetoon.ee\/sv\/wp-json\/wp\/v2\/users\/2"}],"replies":[{"embeddable":true,"href":"https:\/\/kiudbetoon.ee\/sv\/wp-json\/wp\/v2\/comments?post=4131"}],"version-history":[{"count":1,"href":"https:\/\/kiudbetoon.ee\/sv\/wp-json\/wp\/v2\/pages\/4131\/revisions"}],"predecessor-version":[{"id":4133,"href":"https:\/\/kiudbetoon.ee\/sv\/wp-json\/wp\/v2\/pages\/4131\/revisions\/4133"}],"wp:attachment":[{"href":"https:\/\/kiudbetoon.ee\/sv\/wp-json\/wp\/v2\/media?parent=4131"}],"curies":[{"name":"wp","href":"https:\/\/api.w.org\/{rel}","templated":true}]}}