{"id":1419,"date":"2022-02-02T14:05:46","date_gmt":"2022-02-02T14:05:46","guid":{"rendered":"https:\/\/kiudbetoon.ee\/?page_id=1419"},"modified":"2022-02-02T14:19:22","modified_gmt":"2022-02-02T14:19:22","slug":"kiudbetoon-vundament","status":"publish","type":"page","link":"https:\/\/kiudbetoon.ee\/fi\/kiudbetoon-vundament\/","title":{"rendered":"Kiudbetoon &#8211; vundament"},"content":{"rendered":"<div class=\"fusion-fullwidth fullwidth-box fusion-builder-row-1 fusion-flex-container nonhundred-percent-fullwidth non-hundred-percent-height-scrolling\" style=\"--awb-border-radius-top-left:0px;--awb-border-radius-top-right:0px;--awb-border-radius-bottom-right:0px;--awb-border-radius-bottom-left:0px;--awb-flex-wrap:wrap;\" ><div class=\"fusion-builder-row fusion-row fusion-flex-align-items-flex-start fusion-flex-content-wrap\" style=\"max-width:1216.8px;margin-left: calc(-4% \/ 2 );margin-right: calc(-4% \/ 2 );\"><div class=\"fusion-layout-column fusion_builder_column fusion-builder-column-0 fusion_builder_column_1_1 1_1 fusion-flex-column\" style=\"--awb-bg-size:cover;--awb-width-large:100%;--awb-margin-top-large:0px;--awb-spacing-right-large:1.92%;--awb-margin-bottom-large:0px;--awb-spacing-left-large:1.92%;--awb-width-medium:100%;--awb-order-medium:0;--awb-spacing-right-medium:1.92%;--awb-spacing-left-medium:1.92%;--awb-width-small:100%;--awb-order-small:0;--awb-spacing-right-small:1.92%;--awb-spacing-left-small:1.92%;\"><div class=\"fusion-column-wrapper fusion-column-has-shadow fusion-flex-justify-content-flex-start fusion-content-layout-column\"><div class=\"fusion-title title fusion-title-1 fusion-sep-none fusion-title-text fusion-title-size-two\" style=\"--awb-margin-top-small:0px;--awb-margin-right-small:0px;--awb-margin-bottom-small:20px;--awb-margin-left-small:0px;\"><h2 class=\"fusion-title-heading title-heading-left fusion-responsive-typography-calculated\" style=\"font-family:&quot;Open Sans&quot;;font-style:normal;font-weight:400;margin:0;text-transform:none;--fontSize:32;line-height:1.3;\">Kiudbetoonist vundamendid<\/h2><\/div><div class=\"fusion-text fusion-text-1\" style=\"--awb-text-transform:none;\"><p>ARMIX\u2122<br \/>\nKiudbetoonist vundamendid<\/p>\n<p>Vundament on hoonete ehitamisel olulise t\u00e4htsusega: j\u00e4\u00e4b ju kogu hoone sellele toetuma. Vundamendi ehitamisel tehtud vigu on hiljem v\u00e4ga kallis ja keeruline parandada.<br \/>\nEhituses kasutatakse p\u00f5hiliselt kahte t\u00fc\u00fcpi vundamente: lint- ja plaatvundamendid. Esimese puhul valatakse vundament seinte v\u00f5i muude kandvate konstruktsioonide alla lindina. Teisel juhul valatakse koos vundamendi kandva osaga ka p\u00f5randaplaat. M\u00f5lema puhul on oluline \u00fchtlane, korrektselt t\u00e4idetud ja tihendatud alus. Samuti peab olema tagatud aluse projektij\u00e4rgne k\u00f5rgus, mille mittej\u00e4rgimine v\u00f5ib \u00fchtpidi p\u00f5hijustada betooni \u00fclekulu v\u00f5i teistpidi konstruktsiooni m\u00f5\u00f5tmete v\u00e4henemist. Esimene m\u00f5jub eelk\u00f5ige rahakotile, teine aga v\u00e4hendab vundamendi kandev\u00f5imet. N\u00e4iteks, kui alus on etten\u00e4htus 2,5 cm v\u00f5rra madalam, aga vundamendi \u00fclaserv \u00f5igel k\u00f5rgusel, siis 130m\u00b2 plaatvundamendi puhul tekib 3,3 m\u00b3 suurune betooni \u00fclekulu.<br \/>\nJ\u00e4rgmiseks t\u00e4htsaks etapiks vundamendi ehitamise juures on armeerimine, mille juures tuleb j\u00e4rgida projektis etteantud armatuuri m\u00f5\u00f5tmeid ja paigutust. Armeerimine koosneb mitmest etapist: armatuuri ost, transport, ladustamine, l\u00f5ikamine ning l\u00f5puks paigaldamine. K\u00f5ik need toimingud n\u00f5uavad aega, raha ja kvalifitseeritud t\u00f6\u00f6j\u00f5udu. Vundamentide puhul on v\u00f5imalik eelpool nimetatud etappe v\u00e4ltida, kasutades kiudbetooni.<\/p>\n<p>Raketis on betoonivaluks valmis<\/p>\n<p>Armatuur paigaldatakse koos betooniga<\/p>\n<p>Ehitiste lint- ja plaatvundamentide valamisel kasutatavat kiudbetooni nimetatakse ARMIX\u2122betooniks. Kui klassikalise armeeringu puhul paigutatakse armatuur \u00fcldjuhul konstruktsiooni teatud kindlasse kohta (t\u00f5mbetsooni), siis kiudbetooni puhul on kogu konstruktsioon \u00fchtlaselt armeeritud, v\u00e4listades valesti projekteeritud v\u00f5i paigaldatud armatuurist tingitud riske.<br \/>\nS\u00f5ltuvalt konstruktsioonile m\u00f5juvatest koormustest, konstruktsiooni m\u00f5\u00f5tmetest ning pinnase kandev\u00f5imest on projekteeritud eriklassid ARMIX\u2122 1,2,3,4,5 ning ARMIX\u2122 Extra. Viimane v\u00f5imaldab valada ka mitmekorruseliste kivihoonete vundamente ilma tavaarmeeringuta. ARMIX\u2122 Extra betooni ei ole vaja vibreerida. Oluline on valatud betooni \u00f5igeaegne ja piisav j\u00e4relhooldus.<br \/>\nM\u00f5ningatel juhtudel saab majandusliku efekti eesm\u00e4rgil kombineerida ARMIX\u2122 betooni varrasarmeeringuga.<\/p>\n<p>ARMIX\u2122 Extra betoonist vundamendiga hoone Tallinnas Ehitajate teel<\/p>\n<p>ARMIX\u2122betooni eelised:<br \/>\n\u2022 Tavaarmeeringuga seotud kulutuste puudumine v\u00f5i v\u00e4henemine: armeeringu projekteerimine, armatuuri hankimine, transport, ettevalmistus, paigaldus ,valueelne kontroll jne<br \/>\n\u2022 Talvel ei ole vajadust puhastada armatuuri j\u00e4\u00e4st ja lumest ning enne betoonivalu eelsoojendada armatuuri. Kuna puudub segav armatuur on vajadusel raketise lumest puhastamine oluliselt lihtsam.<br \/>\n\u2022 Ehitusprotsessi kiirenemine: ARMIX\u2122betooni v\u00f5ib valada kohe p\u00e4rast raketise valmimist \u2013 ajaline v\u00f5it on m\u00e4rgatav.<br \/>\n\u2022 Konstruktsiooni valamise kulutused on t\u00e4pselt etteplaneeritavad.<br \/>\n\u2022 Puudub vajadus kvalifitseeritud armeerijate j\u00e4rele.<br \/>\n\u2022 Betooni suurem t\u00f5mbepaindetugevus v\u00f5imaldab m\u00f5ningatel juhtudel v\u00e4hendada konstruktsiooni m\u00f5\u00f5tmeid.<br \/>\n\u2022 Armeering paikneb \u00fchtlaselt kogu ristl\u00f5ike ulatuses \u2013 puudub vlesti paigaldatud armatuurist tingitud risk.<br \/>\n\u2022 ARMIX\u2122 Extra betooni ei ole vaja vibraatoriga tihendada ning seda on kerge paigaldada.<br \/>\n\u2022 Betooni mahukahanemis- ja pragunemisriskide v\u00e4henemine.<br \/>\n\u2022 Lihtsus, kiirus, mugavus<\/p>\n<p>ARMIX\u2122betooni kasutamise eelduseks on \u00fcldjuhul projekti olemasolu. Koosk\u00f5lastamata ja mittekohane kasutamine v\u00f5ib p\u00f5hjustada ehituskonstruktsiooni purunemise.<\/p>\n<p>ARMIXi n\u00e4idislahendused plaat- ja lintvundamendis<\/p>\n<p>Lintvundament.pdf<\/p>\n<p>Plaatvundament.pdf<\/p>\n<p>ARMIX\u2122betoon &#8211; ehitajale kes hindab aega ja mugavust.<\/p>\n<\/div><div class=\"fusion-title title fusion-title-2 fusion-sep-none fusion-title-text fusion-title-size-two\" style=\"--awb-margin-top-small:0px;--awb-margin-right-small:0px;--awb-margin-bottom-small:20px;--awb-margin-left-small:0px;\"><h2 class=\"fusion-title-heading title-heading-left fusion-responsive-typography-calculated\" style=\"margin:0;--fontSize:32;line-height:1.3;\">K\u00fcsi rohkem infot<\/h2><\/div><script type=\"text\/javascript\">\n\/* <![CDATA[ *\/\nvar gform;gform||(document.addEventListener(\"gform_main_scripts_loaded\",function(){gform.scriptsLoaded=!0}),document.addEventListener(\"gform\/theme\/scripts_loaded\",function(){gform.themeScriptsLoaded=!0}),window.addEventListener(\"DOMContentLoaded\",function(){gform.domLoaded=!0}),gform={domLoaded:!1,scriptsLoaded:!1,themeScriptsLoaded:!1,isFormEditor:()=>\"function\"==typeof InitializeEditor,callIfLoaded:function(o){return!(!gform.domLoaded||!gform.scriptsLoaded||!gform.themeScriptsLoaded&&!gform.isFormEditor()||(gform.isFormEditor()&&console.warn(\"The use of gform.initializeOnLoaded() is deprecated in the form editor context and will be removed in Gravity Forms 3.1.\"),o(),0))},initializeOnLoaded:function(o){gform.callIfLoaded(o)||(document.addEventListener(\"gform_main_scripts_loaded\",()=>{gform.scriptsLoaded=!0,gform.callIfLoaded(o)}),document.addEventListener(\"gform\/theme\/scripts_loaded\",()=>{gform.themeScriptsLoaded=!0,gform.callIfLoaded(o)}),window.addEventListener(\"DOMContentLoaded\",()=>{gform.domLoaded=!0,gform.callIfLoaded(o)}))},hooks:{action:{},filter:{}},addAction:function(o,r,e,t){gform.addHook(\"action\",o,r,e,t)},addFilter:function(o,r,e,t){gform.addHook(\"filter\",o,r,e,t)},doAction:function(o){gform.doHook(\"action\",o,arguments)},applyFilters:function(o){return gform.doHook(\"filter\",o,arguments)},removeAction:function(o,r){gform.removeHook(\"action\",o,r)},removeFilter:function(o,r,e){gform.removeHook(\"filter\",o,r,e)},addHook:function(o,r,e,t,n){null==gform.hooks[o][r]&&(gform.hooks[o][r]=[]);var d=gform.hooks[o][r];null==n&&(n=r+\"_\"+d.length),gform.hooks[o][r].push({tag:n,callable:e,priority:t=null==t?10:t})},doHook:function(r,o,e){var t;if(e=Array.prototype.slice.call(e,1),null!=gform.hooks[r][o]&&((o=gform.hooks[r][o]).sort(function(o,r){return o.priority-r.priority}),o.forEach(function(o){\"function\"!=typeof(t=o.callable)&&(t=window[t]),\"action\"==r?t.apply(null,e):e[0]=t.apply(null,e)})),\"filter\"==r)return e[0]},removeHook:function(o,r,t,n){var e;null!=gform.hooks[o][r]&&(e=(e=gform.hooks[o][r]).filter(function(o,r,e){return!!(null!=n&&n!=o.tag||null!=t&&t!=o.priority)}),gform.hooks[o][r]=e)}});\n\/* ]]> *\/\n<\/script>\n\n                <div class='gf_browser_gecko gform_wrapper gravity-theme gform-theme--no-framework' data-form-theme='gravity-theme' data-form-index='0' id='gform_wrapper_1' >\n                        <div class='gform_heading'>\n                            <p class='gform_description'><\/p>\n                        <\/div><form method='post' enctype='multipart\/form-data'  id='gform_1'  action='\/fi\/wp-json\/wp\/v2\/pages\/1419' data-formid='1' novalidate><div class='gf_invisible ginput_recaptchav3' data-sitekey='6LcJm_khAAAAAIeZhjgAnFuYeaiu6Rr978X__pto' data-tabindex='0'><input id=\"input_9e4ac593f2b5cde8e633ad1c4ff5c880\" class=\"gfield_recaptcha_response\" type=\"hidden\" name=\"input_9e4ac593f2b5cde8e633ad1c4ff5c880\" value=\"\"\/><\/div>\n                        <div class='gform-body gform_body'><div id='gform_fields_1' class='gform_fields top_label form_sublabel_below description_below validation_below'><div id=\"field_1_1\" class=\"gfield gfield--type-text gfield_contains_required field_sublabel_below gfield--no-description field_description_below field_validation_below gfield_visibility_visible\"  ><label class='gfield_label gform-field-label' for='input_1_1'>Nimi<span class=\"gfield_required\"><span class=\"gfield_required gfield_required_text\">(Pakollinen)<\/span><\/span><\/label><div class='ginput_container ginput_container_text'><input name='input_1' id='input_1_1' type='text' value='' class='large'     aria-required=\"true\" aria-invalid=\"false\"   \/><\/div><\/div><div id=\"field_1_3\" class=\"gfield gfield--type-text gfield_contains_required field_sublabel_below gfield--no-description field_description_below field_validation_below gfield_visibility_visible\"  ><label class='gfield_label gform-field-label' for='input_1_3'>S\u00e4hk\u00f6posti<span class=\"gfield_required\"><span class=\"gfield_required gfield_required_text\">(Pakollinen)<\/span><\/span><\/label><div class='ginput_container ginput_container_text'><input name='input_3' id='input_1_3' type='text' value='' class='large'     aria-required=\"true\" aria-invalid=\"false\"   \/><\/div><\/div><div id=\"field_1_4\" class=\"gfield gfield--type-text field_sublabel_below gfield--no-description field_description_below field_validation_below gfield_visibility_visible\"  ><label class='gfield_label gform-field-label' for='input_1_4'>Puhelinnumero<\/label><div class='ginput_container ginput_container_text'><input name='input_4' id='input_1_4' type='text' value='' class='large'      aria-invalid=\"false\"   \/><\/div><\/div><div id=\"field_1_5\" class=\"gfield gfield--type-textarea field_sublabel_below gfield--no-description field_description_below field_validation_below gfield_visibility_visible\"  ><label class='gfield_label gform-field-label' for='input_1_5'>Viesti<\/label><div class='ginput_container ginput_container_textarea'><textarea name='input_5' id='input_1_5' class='textarea large'      aria-invalid=\"false\"   rows='10' cols='50'><\/textarea><\/div><\/div><div id=\"field_1_6\" class=\"gfield gfield--type-fileupload field_sublabel_below gfield--no-description field_description_below field_validation_below gfield_visibility_visible\"  ><label class='gfield_label gform-field-label' for='input_1_6'>Lis\u00e4\u00e4 tiedosto<\/label><div class='ginput_container ginput_container_fileupload'><input type='hidden' name='MAX_FILE_SIZE' value='2146435072' \/><input name='input_6' id='input_1_6' type='file' class='large' aria-describedby=\"gfield_upload_rules_1_6\" onchange='javascript:gformValidateFileSize( this, 2146435072 );'  \/><span class='gfield_description gform_fileupload_rules' id='gfield_upload_rules_1_6'>Tiedoston maksimikoko: 2 GB.<\/span><div class='gfield_description validation_message gfield_validation_message validation_message--hidden-on-empty' id='live_validation_message_1_6'><\/div> <\/div><\/div><fieldset id=\"field_1_8\" class=\"gfield gfield--type-consent gfield--type-choice gfield--input-type-consent gfield_contains_required field_sublabel_below gfield--no-description field_description_below field_validation_below gfield_visibility_visible\"  ><legend class='gfield_label gform-field-label gfield_label_before_complex' >Tietosuojak\u00e4yt\u00e4nt\u00f6<span class=\"gfield_required\"><span class=\"gfield_required gfield_required_text\">(Pakollinen)<\/span><\/span><\/legend><div class='ginput_container ginput_container_consent'><input name='input_8.1' id='input_1_8_1' type='checkbox' value='1'   aria-required=\"true\" aria-invalid=\"false\"   \/> <label class=\"gform-field-label gform-field-label--type-inline gfield_consent_label\" for='input_1_8_1' >Hyv\u00e4ksyn  <a href=\"https:\/\/kiudbetoon.ee\/fi\/tietosuojakaytanto\/\" target=\"_blank\"> tietosuojak\u00e4yt\u00e4nn\u00f6n <\/a><\/label><input type='hidden' name='input_8.2' value='Hyv\u00e4ksyn  &lt;a href=&quot;https:\/\/kiudbetoon.ee\/fi\/tietosuojakaytanto\/&quot; target=&quot;_blank&quot;&gt; tietosuojak\u00e4yt\u00e4nn\u00f6n &lt;\/a&gt;' class='gform_hidden' \/><input type='hidden' name='input_8.3' value='3' class='gform_hidden' \/><\/div><\/fieldset><\/div><\/div>\n        <div class='gform-footer gform_footer top_label'> <input type='submit' id='gform_submit_button_1' class='gform_button button' onclick='gform.submission.handleButtonClick(this);' data-submission-type='submit' value='L\u00e4het\u00e4'  \/> \n            <input type='hidden' class='gform_hidden' name='gform_submission_method' data-js='gform_submission_method_1' value='postback' \/>\n            <input type='hidden' class='gform_hidden' name='gform_theme' data-js='gform_theme_1' id='gform_theme_1' value='gravity-theme' \/>\n            <input type='hidden' class='gform_hidden' name='gform_style_settings' data-js='gform_style_settings_1' id='gform_style_settings_1' value='[]' \/>\n            <input type='hidden' class='gform_hidden' name='is_submit_1' value='1' \/>\n            <input type='hidden' class='gform_hidden' name='gform_submit' value='1' \/>\n            \n            <input type='hidden' class='gform_hidden' name='gform_unique_id' value='' \/>\n            <input type='hidden' class='gform_hidden' name='state_1' value='WyJ7XCI4LjFcIjpcImNmMGJiODk5NjVjNjFhNTMyNGVhZWVlN2QxMDMyYmQ2XCIsXCI4LjJcIjpcIjg3MjgzZTk4MTFjNTcwZDViNWVjNTVhMjE0OWFmYzc3XCIsXCI4LjNcIjpcImEyNGY4ZjNjYjQ4ZmYzNDAyZGEwOGE2YzNmMjU1NDE5XCJ9IiwiNDZkYTFhY2YzZGMyNTVjODQyZWMzOTk0Y2I3NGVlMjgiXQ==' \/>\n            <input type='hidden' autocomplete='off' class='gform_hidden' name='gform_target_page_number_1' id='gform_target_page_number_1' value='0' \/>\n            <input type='hidden' autocomplete='off' class='gform_hidden' name='gform_source_page_number_1' id='gform_source_page_number_1' value='1' \/>\n            <input type='hidden' name='gform_field_values' value='' \/>\n            \n        <\/div>\n                        <\/form>\n                        <\/div><script type=\"text\/javascript\">\n\/* <![CDATA[ *\/\n gform.initializeOnLoaded( function() {gformInitSpinner( 1, 'https:\/\/kiudbetoon.ee\/wp-content\/plugins\/gravityforms\/images\/spinner.svg', true );jQuery('#gform_ajax_frame_1').on('load',function(){var contents = jQuery(this).contents().find('*').html();var is_postback = contents.indexOf('GF_AJAX_POSTBACK') >= 0;if(!is_postback){return;}var form_content = jQuery(this).contents().find('#gform_wrapper_1');var is_confirmation = jQuery(this).contents().find('#gform_confirmation_wrapper_1').length > 0;var is_redirect = contents.indexOf('gformRedirect(){') >= 0;var is_form = form_content.length > 0 && ! is_redirect && ! is_confirmation;var mt = parseInt(jQuery('html').css('margin-top'), 10) + parseInt(jQuery('body').css('margin-top'), 10) + 100;if(is_form){jQuery('#gform_wrapper_1').html(form_content.html());if(form_content.hasClass('gform_validation_error')){jQuery('#gform_wrapper_1').addClass('gform_validation_error');} else {jQuery('#gform_wrapper_1').removeClass('gform_validation_error');}setTimeout( function() { \/* delay the scroll by 50 milliseconds to fix a bug in chrome *\/  }, 50 );if(window['gformInitDatepicker']) {gformInitDatepicker();}if(window['gformInitPriceFields']) {gformInitPriceFields();}var current_page = jQuery('#gform_source_page_number_1').val();gformInitSpinner( 1, 'https:\/\/kiudbetoon.ee\/wp-content\/plugins\/gravityforms\/images\/spinner.svg', true );jQuery(document).trigger('gform_page_loaded', [1, current_page]);window['gf_submitting_1'] = false;}else if(!is_redirect){var confirmation_content = jQuery(this).contents().find('.GF_AJAX_POSTBACK').html();if(!confirmation_content){confirmation_content = contents;}jQuery('#gform_wrapper_1').replaceWith(confirmation_content);jQuery(document).trigger('gform_confirmation_loaded', [1]);window['gf_submitting_1'] = false;wp.a11y.speak(jQuery('#gform_confirmation_message_1').text());}else{jQuery('#gform_1').append(contents);if(window['gformRedirect']) {gformRedirect();}}jQuery(document).trigger(\"gform_pre_post_render\", [{ formId: \"1\", currentPage: \"current_page\", abort: function() { this.preventDefault(); } }]);        if (event && event.defaultPrevented) {                return;        }        const gformWrapperDiv = document.getElementById( \"gform_wrapper_1\" );        if ( gformWrapperDiv ) {            const visibilitySpan = document.createElement( \"span\" );            visibilitySpan.id = \"gform_visibility_test_1\";            gformWrapperDiv.insertAdjacentElement( \"afterend\", visibilitySpan );        }        const visibilityTestDiv = document.getElementById( \"gform_visibility_test_1\" );        let postRenderFired = false;        function triggerPostRender() {            if ( postRenderFired ) {                return;            }            postRenderFired = true;            gform.core.triggerPostRenderEvents( 1, current_page );            if ( visibilityTestDiv ) {                visibilityTestDiv.parentNode.removeChild( visibilityTestDiv );            }        }        function debounce( func, wait, immediate ) {            var timeout;            return function() {                var context = this, args = arguments;                var later = function() {                    timeout = null;                    if ( !immediate ) func.apply( context, args );                };                var callNow = immediate && !timeout;                clearTimeout( timeout );                timeout = setTimeout( later, wait );                if ( callNow ) func.apply( context, args );            };        }        const debouncedTriggerPostRender = debounce( function() {            triggerPostRender();        }, 200 );        if ( visibilityTestDiv && visibilityTestDiv.offsetParent === null ) {            const observer = new MutationObserver( ( mutations ) => {                mutations.forEach( ( mutation ) => {                    if ( mutation.type === 'attributes' && visibilityTestDiv.offsetParent !== null ) {                        debouncedTriggerPostRender();                        observer.disconnect();                    }                });            });            observer.observe( document.body, {                attributes: true,                childList: false,                subtree: true,                attributeFilter: [ 'style', 'class' ],            });        } else {            triggerPostRender();        }    } );} ); \n\/* ]]> *\/\n<\/script>\n<\/div><\/div><\/div><\/div>\n","protected":false},"excerpt":{"rendered":"","protected":false},"author":2,"featured_media":0,"parent":0,"menu_order":0,"comment_status":"closed","ping_status":"closed","template":"","meta":{"footnotes":""},"class_list":["post-1419","page","type-page","status-publish","hentry"],"yoast_head":"<!-- This site is optimized with the Yoast SEO plugin v27.3 - https:\/\/yoast.com\/product\/yoast-seo-wordpress\/ -->\n<title>Kiudbetoon - vundament - Kiudbetoon - betoonlahendused<\/title>\n<meta name=\"robots\" content=\"index, follow, max-snippet:-1, max-image-preview:large, max-video-preview:-1\" \/>\n<link rel=\"canonical\" href=\"https:\/\/kiudbetoon.ee\/fi\/kiudbetoon-vundament\/\" \/>\n<meta property=\"og:locale\" content=\"fi_FI\" \/>\n<meta property=\"og:type\" content=\"article\" \/>\n<meta property=\"og:title\" content=\"Kiudbetoon - vundament - Kiudbetoon - betoonlahendused\" \/>\n<meta property=\"og:url\" content=\"https:\/\/kiudbetoon.ee\/fi\/kiudbetoon-vundament\/\" \/>\n<meta property=\"og:site_name\" content=\"Kiudbetoon - betoonlahendused\" \/>\n<meta property=\"article:modified_time\" content=\"2022-02-02T14:19:22+00:00\" \/>\n<meta name=\"twitter:card\" content=\"summary_large_image\" \/>\n<meta name=\"twitter:label1\" content=\"Arvioitu lukuaika\" \/>\n\t<meta name=\"twitter:data1\" content=\"5 minuuttia\" \/>\n<script type=\"application\/ld+json\" class=\"yoast-schema-graph\">{\"@context\":\"https:\\\/\\\/schema.org\",\"@graph\":[{\"@type\":\"WebPage\",\"@id\":\"https:\\\/\\\/kiudbetoon.ee\\\/fi\\\/kiudbetoon-vundament\\\/\",\"url\":\"https:\\\/\\\/kiudbetoon.ee\\\/fi\\\/kiudbetoon-vundament\\\/\",\"name\":\"Kiudbetoon - vundament - Kiudbetoon - betoonlahendused\",\"isPartOf\":{\"@id\":\"https:\\\/\\\/kiudbetoon.ee\\\/fi\\\/#website\"},\"datePublished\":\"2022-02-02T14:05:46+00:00\",\"dateModified\":\"2022-02-02T14:19:22+00:00\",\"breadcrumb\":{\"@id\":\"https:\\\/\\\/kiudbetoon.ee\\\/fi\\\/kiudbetoon-vundament\\\/#breadcrumb\"},\"inLanguage\":\"fi\",\"potentialAction\":[{\"@type\":\"ReadAction\",\"target\":[\"https:\\\/\\\/kiudbetoon.ee\\\/fi\\\/kiudbetoon-vundament\\\/\"]}]},{\"@type\":\"BreadcrumbList\",\"@id\":\"https:\\\/\\\/kiudbetoon.ee\\\/fi\\\/kiudbetoon-vundament\\\/#breadcrumb\",\"itemListElement\":[{\"@type\":\"ListItem\",\"position\":1,\"name\":\"Home\",\"item\":\"https:\\\/\\\/kiudbetoon.ee\\\/fi\\\/\"},{\"@type\":\"ListItem\",\"position\":2,\"name\":\"Kiudbetoon &#8211; vundament\"}]},{\"@type\":\"WebSite\",\"@id\":\"https:\\\/\\\/kiudbetoon.ee\\\/fi\\\/#website\",\"url\":\"https:\\\/\\\/kiudbetoon.ee\\\/fi\\\/\",\"name\":\"Kiudbetoon - betoonlahendused\",\"description\":\"Kiudbetoon p&otilde;randatele, vundamendile, seintele ja vahelagedele\",\"potentialAction\":[{\"@type\":\"SearchAction\",\"target\":{\"@type\":\"EntryPoint\",\"urlTemplate\":\"https:\\\/\\\/kiudbetoon.ee\\\/fi\\\/?s={search_term_string}\"},\"query-input\":{\"@type\":\"PropertyValueSpecification\",\"valueRequired\":true,\"valueName\":\"search_term_string\"}}],\"inLanguage\":\"fi\"}]}<\/script>\n<!-- \/ Yoast SEO plugin. -->","yoast_head_json":{"title":"Kiudbetoon - vundament - Kiudbetoon - betoonlahendused","robots":{"index":"index","follow":"follow","max-snippet":"max-snippet:-1","max-image-preview":"max-image-preview:large","max-video-preview":"max-video-preview:-1"},"canonical":"https:\/\/kiudbetoon.ee\/fi\/kiudbetoon-vundament\/","og_locale":"fi_FI","og_type":"article","og_title":"Kiudbetoon - vundament - Kiudbetoon - betoonlahendused","og_url":"https:\/\/kiudbetoon.ee\/fi\/kiudbetoon-vundament\/","og_site_name":"Kiudbetoon - betoonlahendused","article_modified_time":"2022-02-02T14:19:22+00:00","twitter_card":"summary_large_image","twitter_misc":{"Arvioitu lukuaika":"5 minuuttia"},"schema":{"@context":"https:\/\/schema.org","@graph":[{"@type":"WebPage","@id":"https:\/\/kiudbetoon.ee\/fi\/kiudbetoon-vundament\/","url":"https:\/\/kiudbetoon.ee\/fi\/kiudbetoon-vundament\/","name":"Kiudbetoon - vundament - Kiudbetoon - betoonlahendused","isPartOf":{"@id":"https:\/\/kiudbetoon.ee\/fi\/#website"},"datePublished":"2022-02-02T14:05:46+00:00","dateModified":"2022-02-02T14:19:22+00:00","breadcrumb":{"@id":"https:\/\/kiudbetoon.ee\/fi\/kiudbetoon-vundament\/#breadcrumb"},"inLanguage":"fi","potentialAction":[{"@type":"ReadAction","target":["https:\/\/kiudbetoon.ee\/fi\/kiudbetoon-vundament\/"]}]},{"@type":"BreadcrumbList","@id":"https:\/\/kiudbetoon.ee\/fi\/kiudbetoon-vundament\/#breadcrumb","itemListElement":[{"@type":"ListItem","position":1,"name":"Home","item":"https:\/\/kiudbetoon.ee\/fi\/"},{"@type":"ListItem","position":2,"name":"Kiudbetoon &#8211; vundament"}]},{"@type":"WebSite","@id":"https:\/\/kiudbetoon.ee\/fi\/#website","url":"https:\/\/kiudbetoon.ee\/fi\/","name":"Kiudbetoon - betoonlahendused","description":"Kiudbetoon p&otilde;randatele, vundamendile, seintele ja vahelagedele","potentialAction":[{"@type":"SearchAction","target":{"@type":"EntryPoint","urlTemplate":"https:\/\/kiudbetoon.ee\/fi\/?s={search_term_string}"},"query-input":{"@type":"PropertyValueSpecification","valueRequired":true,"valueName":"search_term_string"}}],"inLanguage":"fi"}]}},"_links":{"self":[{"href":"https:\/\/kiudbetoon.ee\/fi\/wp-json\/wp\/v2\/pages\/1419","targetHints":{"allow":["GET"]}}],"collection":[{"href":"https:\/\/kiudbetoon.ee\/fi\/wp-json\/wp\/v2\/pages"}],"about":[{"href":"https:\/\/kiudbetoon.ee\/fi\/wp-json\/wp\/v2\/types\/page"}],"author":[{"embeddable":true,"href":"https:\/\/kiudbetoon.ee\/fi\/wp-json\/wp\/v2\/users\/2"}],"replies":[{"embeddable":true,"href":"https:\/\/kiudbetoon.ee\/fi\/wp-json\/wp\/v2\/comments?post=1419"}],"version-history":[{"count":10,"href":"https:\/\/kiudbetoon.ee\/fi\/wp-json\/wp\/v2\/pages\/1419\/revisions"}],"predecessor-version":[{"id":1430,"href":"https:\/\/kiudbetoon.ee\/fi\/wp-json\/wp\/v2\/pages\/1419\/revisions\/1430"}],"wp:attachment":[{"href":"https:\/\/kiudbetoon.ee\/fi\/wp-json\/wp\/v2\/media?parent=1419"}],"curies":[{"name":"wp","href":"https:\/\/api.w.org\/{rel}","templated":true}]}}